{"id":5281,"date":"2026-04-07T17:46:30","date_gmt":"2026-04-07T15:46:30","guid":{"rendered":"https:\/\/hugocalixto.com\/demos\/huuguu-lite\/?post_type=product&#038;p=5281"},"modified":"2026-04-09T13:19:04","modified_gmt":"2026-04-09T11:19:04","slug":"instalacion-y-configuracion-del-plugin-woocommerce","status":"publish","type":"product","link":"https:\/\/hugocalixto.com\/demos\/huuguu-lite\/producto\/instalacion-y-configuracion-del-plugin-woocommerce\/","title":{"rendered":"Instalaci\u00f3n y configuraci\u00f3n del Plugin Woocommerce"},"content":{"rendered":"<p>Instalo y configuro WooCommerce en tu web, dej\u00e1ndola lista para empezar a vender sin complicaciones t\u00e9cnicas.<\/p>\n<p>Me encargo de toda la instalaci\u00f3n y configuraci\u00f3n inicial para que no tengas que preocuparte por errores, incompatibilidades o ajustes cr\u00edticos que puedan afectar el funcionamiento de tu tienda.<\/p>\n<p>El servicio incluye la instalaci\u00f3n del plugin WooCommerce, la configuraci\u00f3n general de la tienda (datos b\u00e1sicos, moneda e impuestos), as\u00ed como la configuraci\u00f3n de env\u00edo y m\u00e9todos de pago, siempre que el cliente disponga de las cuentas y servicios necesarios compatibles con WooCommerce.<\/p>\n<p>Tambi\u00e9n realizo pruebas iniciales para asegurar que todo funcione correctamente desde el primer momento.<\/p>\n<p>Adem\u00e1s, dejo WooCommerce preparado para que puedas a\u00f1adir tus productos f\u00e1cilmente y empezar a trabajar sobre una base estable, profesional y bien estructurada.<\/p>\n","protected":false},"excerpt":{"rendered":"<p>Instalo y configuro WooCommerce en tu web, dej\u00e1ndola lista para vender sin complicaciones.<\/p>\n","protected":false},"featured_media":5688,"comment_status":"open","ping_status":"closed","template":"","meta":[],"product_brand":[],"product_cat":[33],"product_tag":[],"class_list":{"0":"post-5281","1":"product","2":"type-product","3":"status-publish","4":"has-post-thumbnail","6":"product_cat-woocommerce","8":"first","9":"instock","10":"virtual","11":"sold-individually","12":"taxable","13":"purchasable","14":"product-type-service"},"_links":{"self":[{"href":"https:\/\/hugocalixto.com\/demos\/huuguu-lite\/wp-json\/wp\/v2\/product\/5281","targetHints":{"allow":["GET"]}}],"collection":[{"href":"https:\/\/hugocalixto.com\/demos\/huuguu-lite\/wp-json\/wp\/v2\/product"}],"about":[{"href":"https:\/\/hugocalixto.com\/demos\/huuguu-lite\/wp-json\/wp\/v2\/types\/product"}],"replies":[{"embeddable":true,"href":"https:\/\/hugocalixto.com\/demos\/huuguu-lite\/wp-json\/wp\/v2\/comments?post=5281"}],"wp:featuredmedia":[{"embeddable":true,"href":"https:\/\/hugocalixto.com\/demos\/huuguu-lite\/wp-json\/wp\/v2\/media\/5688"}],"wp:attachment":[{"href":"https:\/\/hugocalixto.com\/demos\/huuguu-lite\/wp-json\/wp\/v2\/media?parent=5281"}],"wp:term":[{"taxonomy":"product_brand","embeddable":true,"href":"https:\/\/hugocalixto.com\/demos\/huuguu-lite\/wp-json\/wp\/v2\/product_brand?post=5281"},{"taxonomy":"product_cat","embeddable":true,"href":"https:\/\/hugocalixto.com\/demos\/huuguu-lite\/wp-json\/wp\/v2\/product_cat?post=5281"},{"taxonomy":"product_tag","embeddable":true,"href":"https:\/\/hugocalixto.com\/demos\/huuguu-lite\/wp-json\/wp\/v2\/product_tag?post=5281"}],"curies":[{"name":"wp","href":"https:\/\/api.w.org\/{rel}","templated":true}]}}